{"id":1089745,"date":"2024-07-26T14:20:49","date_gmt":"2024-07-26T12:20:49","guid":{"rendered":"https:\/\/delta-voyages.ch\/faq\/"},"modified":"2024-12-06T15:02:11","modified_gmt":"2024-12-06T14:02:11","slug":"faq","status":"publish","type":"page","link":"https:\/\/delta-voyages.ch\/en\/faq\/","title":{"rendered":"FAQ"},"content":{"rendered":"<p>[et_pb_section fb_built=&#8221;1&#8243; custom_padding_last_edited=&#8221;on|phone&#8221; admin_label=&#8221;FAQ Section&#8221; _builder_version=&#8221;4.27.0&#8243; background_color=&#8221;rgba(244,244,244,0.65)&#8221; custom_padding=&#8221;200px||0px||false|false&#8221; custom_padding_tablet=&#8221;200px||0px||false|false&#8221; custom_padding_phone=&#8221;180px||||false|false&#8221; global_colors_info=&#8221;{}&#8221;][et_pb_row _builder_version=&#8221;4.27.0&#8243; width_tablet=&#8221;&#8221; width_phone=&#8221;90%&#8221; width_last_edited=&#8221;on|phone&#8221; custom_padding=&#8221;0px||0px||false|false&#8221; global_colors_info=&#8221;{}&#8221;][et_pb_column type=&#8221;4_4&#8243; _builder_version=&#8221;4.16&#8243; global_colors_info=&#8221;{}&#8221;][et_pb_text _builder_version=&#8221;4.27.0&#8243; text_font=&#8221;|||on|||||&#8221; text_text_color=&#8221;#005187&#8243; text_line_height=&#8221;1em&#8221; header_font=&#8221;Allerta||||||||&#8221; header_text_color=&#8221;rgba(0,0,0,0.62)&#8221; header_font_size=&#8221;18px&#8221; custom_margin=&#8221;||||false|false&#8221; global_colors_info=&#8221;{}&#8221;]<\/p>\n<p style=\"text-align: center;\">business travel faq<\/p>\n<p>[\/et_pb_text][et_pb_text _builder_version=&#8221;4.27.0&#8243; _module_preset=&#8221;default&#8221; header_font_size=&#8221;40px&#8221; header_line_height=&#8221;1.4em&#8221; header_2_text_align=&#8221;center&#8221; header_2_font_size=&#8221;30px&#8221; header_2_line_height=&#8221;1.7em&#8221; text_orientation=&#8221;center&#8221; custom_padding=&#8221;||2em||false|true&#8221; header_font_size_tablet=&#8221;&#8221; header_font_size_phone=&#8221;24px&#8221; header_font_size_last_edited=&#8221;on|phone&#8221; custom_css_free_form=&#8221;\/*style the Divi Blurb link as a button*\/||||a.pa-text-button {||  font-size: 0.9em;||\tcolor: #ffffff;||\tbackground: #005187||;||\tpadding: .5em 1.1em;||\tmargin-top: 20px;||\tborder-radius: 3px;||\ttext-transform: capitalize;||\tdisplay: inline-block;||\ttransition: all 0.3s ease-in-out;||}||||||\/*style the Divi Blurb link text as a button on hover*\/||||a.pa-text-button:hover {||\tbackground: #00a1d4;||\tcolor: #ffffff;||}&#8221; global_colors_info=&#8221;{}&#8221;]<\/p>\n<h1>Frequently Asked Questions<br \/>about Our Business Travel Services<\/h1>\n<p>Check out our FAQ for quick answers to the most frequently asked questions about our business travel services. Here, you&#8217;ll find essential information to optimize your professional trips and better understand how we can assist you with your travels.<\/p>\n<p>[\/et_pb_text][\/et_pb_column][\/et_pb_row][et_pb_row column_structure=&#8221;1_2,1_2&#8243; make_equal=&#8221;on&#8221; custom_padding_last_edited=&#8221;on|phone&#8221; module_class=&#8221;consulting-faq-row&#8221; _builder_version=&#8221;4.27.0&#8243; width_tablet=&#8221;&#8221; width_phone=&#8221;90%&#8221; width_last_edited=&#8221;on|phone&#8221; max_width=&#8221;90%&#8221; custom_padding=&#8221;||||false|false&#8221; custom_padding_tablet=&#8221;||||false|false&#8221; custom_padding_phone=&#8221;||||false|false&#8221; global_colors_info=&#8221;{}&#8221;][et_pb_column type=&#8221;1_2&#8243; _builder_version=&#8221;4.27.0&#8243; custom_padding=&#8221;||||false|false&#8221; custom_padding_tablet=&#8221;||||false|false&#8221; custom_padding_phone=&#8221;||||false|false&#8221; custom_padding_last_edited=&#8221;on|phone&#8221; global_colors_info=&#8221;{}&#8221;][et_pb_accordion open_toggle_text_color=&#8221;#005187&#8243; open_toggle_background_color=&#8221;#ffffff&#8221; closed_toggle_text_color=&#8221;#0A0A0A&#8221; closed_toggle_background_color=&#8221;#ffffff&#8221; icon_color=&#8221;#005187&#8243; module_class=&#8221;consulting-faq&#8221; _builder_version=&#8221;4.27.0&#8243; toggle_text_color=&#8221;#005187&#8243; toggle_font=&#8221;Brown|600|||||||&#8221; toggle_font_size=&#8221;19px&#8221; toggle_line_height=&#8221;1.4em&#8221; closed_toggle_font=&#8221;|600|||||||&#8221; body_font=&#8221;||||||||&#8221; body_line_height=&#8221;1.5em&#8221; custom_margin=&#8221;||48px|||&#8221; custom_margin_tablet=&#8221;||48px|||&#8221; custom_margin_phone=&#8221;||0px||false|false&#8221; custom_margin_last_edited=&#8221;on|phone&#8221; custom_padding=&#8221;||||false|false&#8221; custom_css_toggle=&#8221;padding:10px 20px 10px 20px !Important;&#8221; border_radii=&#8221;on|3px|3px|3px|3px&#8221; border_width_all=&#8221;0px&#8221; box_shadow_style=&#8221;preset1&#8243; box_shadow_vertical=&#8221;1px&#8221; box_shadow_blur=&#8221;5px&#8221; box_shadow_color=&#8221;rgba(0,0,0,0.16)&#8221; global_colors_info=&#8221;{}&#8221;][et_pb_accordion_item title=&#8221;What are the benefits of using a travel agency for my business trips?&#8221; open=&#8221;on&#8221; _builder_version=&#8221;4.27.0&#8243; global_colors_info=&#8221;{}&#8221;]<\/p>\n<p>Using a travel agency for your business trips ensures optimized travel management, with personalized assistance and solutions tailored to your specific needs in terms of budget, timing, and preferences.<\/p>\n<p>[\/et_pb_accordion_item][et_pb_accordion_item title=&#8221;How can you optimize the costs of my business trips?&#8221; _builder_version=&#8221;4.25.2&#8243; global_colors_info=&#8221;{}&#8221; open=&#8221;off&#8221;]We offer a detailed analysis of your travel habits to identify potential savings, negotiate preferential rates with suppliers, and use advanced technology to find the best fare options.[\/et_pb_accordion_item][et_pb_accordion_item title=&#8221;Do you offer visa and administrative formalities management services? &#8221; _builder_version=&#8221;4.27.0&#8243; global_colors_info=&#8221;{}&#8221; open=&#8221;off&#8221;]We guide our clients through visa requirements, providing detailed advice on the necessary documents. For administrative formalities, we collaborate with a specialized partner company, ensuring expert handling of all visa applications.[\/et_pb_accordion_item][et_pb_accordion_item title=&#8221;What assistance do you offer in case of last-minute changes or emergencies during travel?&#8221; _builder_version=&#8221;4.25.2&#8243; global_colors_info=&#8221;{}&#8221; open=&#8221;off&#8221;]We have a 24\/7 emergency service available to manage any last-minute changes or respond to any emergencies, ensuring a quick and effective response wherever you are.[\/et_pb_accordion_item][et_pb_accordion_item title=&#8221;How do you ensure the safety of business travelers?&#8221; _builder_version=&#8221;4.25.2&#8243; global_colors_info=&#8221;{}&#8221; open=&#8221;off&#8221;]Our Duty of Care solution allows us to locate and communicate with travelers in case of an emergency to ensure their safety. We also monitor global alerts and provide relevant advice.[\/et_pb_accordion_item][\/et_pb_accordion][\/et_pb_column][et_pb_column type=&#8221;1_2&#8243; _builder_version=&#8221;4.27.0&#8243; custom_padding=&#8221;||||false|false&#8221; custom_padding_tablet=&#8221;||||false|false&#8221; custom_padding_phone=&#8221;||||false|false&#8221; custom_padding_last_edited=&#8221;on|phone&#8221; global_colors_info=&#8221;{}&#8221;][et_pb_accordion open_toggle_text_color=&#8221;#005187&#8243; open_toggle_background_color=&#8221;#ffffff&#8221; closed_toggle_text_color=&#8221;#0A0A0A&#8221; closed_toggle_background_color=&#8221;#ffffff&#8221; icon_color=&#8221;#005187&#8243; module_class=&#8221;my_accordion&#8221; _builder_version=&#8221;4.27.0&#8243; toggle_text_color=&#8221;#005187&#8243; toggle_font=&#8221;Brown|600|||||||&#8221; toggle_font_size=&#8221;19px&#8221; toggle_line_height=&#8221;1.7em&#8221; closed_toggle_font=&#8221;Brown|600|||||||&#8221; body_font=&#8221;||||||||&#8221; body_line_height=&#8221;1.5em&#8221; custom_margin=&#8221;||48px|||&#8221; custom_margin_tablet=&#8221;||48px|||&#8221; custom_margin_phone=&#8221;||0px||false|false&#8221; custom_margin_last_edited=&#8221;on|phone&#8221; custom_padding=&#8221;||||false|false&#8221; custom_padding_phone=&#8221;||||false|false&#8221; custom_padding_last_edited=&#8221;off|phone&#8221; custom_css_toggle=&#8221;padding:10px 20px 10px 20px !Important;&#8221; border_radii=&#8221;on|3px|3px|3px|3px&#8221; border_width_all=&#8221;0px&#8221; box_shadow_style=&#8221;preset1&#8243; box_shadow_vertical=&#8221;1px&#8221; box_shadow_blur=&#8221;5px&#8221; box_shadow_color=&#8221;rgba(0,0,0,0.16)&#8221; global_colors_info=&#8221;{}&#8221;][et_pb_accordion_item title=&#8221;Can you manage business travel for groups?&#8221; open=&#8221;on&#8221; _builder_version=&#8221;4.27.0&#8243; global_colors_info=&#8221;{}&#8221;]Yes, we specialize in managing business travel for both individual travelers and groups. We offer tailored solutions for conferences, seminars, and large-scale meetings, ensuring optimal organization for all types of professional events.[\/et_pb_accordion_item][et_pb_accordion_item title=&#8221;What kind of reports can you provide for tracking our travel expenses?&#8221; _builder_version=&#8221;4.27.0&#8243; global_colors_info=&#8221;{}&#8221; open=&#8221;off&#8221;]We provide detailed and personalized reports that allow for precise tracking of your travel expenses, making it easier to manage your budget and optimize costs.[\/et_pb_accordion_item][et_pb_accordion_item title=&#8221;How can you help simplify complex travel procedures?&#8221; _builder_version=&#8221;4.25.2&#8243; global_colors_info=&#8221;{}&#8221; open=&#8221;off&#8221;]Thanks to our expertise and strategic partnerships, we simplify travel procedures by efficiently managing all stages of the journey, from booking to arrival, including intermediate logistical aspects.[\/et_pb_accordion_item][et_pb_accordion_item title=&#8221;Do you offer personalized services for business travel?&#8221; _builder_version=&#8221;4.25.2&#8243; global_colors_info=&#8221;{}&#8221; open=&#8221;off&#8221;]Each business traveler benefits from a personalized approach. We tailor our services according to individual preferences, specific requirements, and company policies.[\/et_pb_accordion_item][et_pb_accordion_item title=&#8221;How do you manage airline loyalty programs for frequent travelers?&#8221; _builder_version=&#8221;4.25.2&#8243; global_colors_info=&#8221;{}&#8221; open=&#8221;off&#8221;]We help manage and optimize loyalty programs so you can enjoy the best benefits and rewards offered by airlines.[\/et_pb_accordion_item][et_pb_accordion_item title=&#8221;Do you offer specific insurance for business travel?&#8221; _builder_version=&#8221;4.25.2&#8243; global_colors_info=&#8221;{}&#8221; open=&#8221;off&#8221;]Yes, we offer travel insurance tailored to the needs of professionals, covering aspects such as cancellations, trip interruptions, and medical emergencies abroad.[\/et_pb_accordion_item][et_pb_accordion_item title=&#8221;Do you offer eco-friendly solutions for business travel?&#8221; _builder_version=&#8221;4.25.2&#8243; global_colors_info=&#8221;{}&#8221; open=&#8221;off&#8221;]Yes, we promote more sustainable travel options and offer solutions to minimize the environmental impact of business travel.[\/et_pb_accordion_item][\/et_pb_accordion][\/et_pb_column][\/et_pb_row][\/et_pb_section][et_pb_section fb_built=&#8221;1&#8243; custom_padding_last_edited=&#8221;on|phone&#8221; module_id=&#8221;our-services&#8221; _builder_version=&#8221;4.27.0&#8243; _module_preset=&#8221;default&#8221; custom_padding=&#8221;||||false|false&#8221; custom_padding_tablet=&#8221;||||false|false&#8221; custom_padding_phone=&#8221;0px||0px||false|false&#8221; global_colors_info=&#8221;{}&#8221;][et_pb_row _builder_version=&#8221;4.25.2&#8243; _module_preset=&#8221;default&#8221; width_tablet=&#8221;90%&#8221; width_phone=&#8221;90%&#8221; width_last_edited=&#8221;on|tablet&#8221; global_colors_info=&#8221;{}&#8221;][et_pb_column type=&#8221;4_4&#8243; _builder_version=&#8221;4.25.2&#8243; _module_preset=&#8221;default&#8221; global_colors_info=&#8221;{}&#8221;][et_pb_text _builder_version=&#8221;4.27.0&#8243; _module_preset=&#8221;default&#8221; header_line_height=&#8221;1.7em&#8221; header_3_font_size=&#8221;40px&#8221; header_3_line_height=&#8221;1.4em&#8221; custom_margin=&#8221;||0px||false|false&#8221; header_3_font_size_tablet=&#8221;40px&#8221; header_3_font_size_phone=&#8221;28px&#8221; header_3_font_size_last_edited=&#8221;on|phone&#8221; global_colors_info=&#8221;{}&#8221;]<\/p>\n<h3 style=\"text-align: center;\">Our main services<\/h3>\n<p>[\/et_pb_text][et_pb_text _builder_version=&#8221;4.27.0&#8243; _module_preset=&#8221;default&#8221; header_3_font_size=&#8221;40px&#8221; custom_margin=&#8221;5px||||false|false&#8221; global_colors_info=&#8221;{}&#8221;]<\/p>\n<p style=\"text-align: center;\">Tailored solutions for business travel management, humanitarian missions, and more.<\/p>\n<p>[\/et_pb_text][\/et_pb_column][\/et_pb_row][et_pb_row column_structure=&#8221;1_3,1_3,1_3&#8243; custom_padding_last_edited=&#8221;on|phone&#8221; _builder_version=&#8221;4.27.0&#8243; _module_preset=&#8221;default&#8221; width_tablet=&#8221;90%&#8221; width_phone=&#8221;90%&#8221; width_last_edited=&#8221;off|desktop&#8221; custom_padding_tablet=&#8221;&#8221; custom_padding_phone=&#8221;0px||||false|false&#8221; global_colors_info=&#8221;{}&#8221;][et_pb_column type=&#8221;1_3&#8243; _builder_version=&#8221;4.25.2&#8243; _module_preset=&#8221;default&#8221; global_colors_info=&#8221;{}&#8221;][et_pb_blurb title=&#8221;Business Travel&#8221; image=&#8221;https:\/\/delta-voyages.ch\/wp-content\/uploads\/2024\/08\/icon-business-travel.png&#8221; alt=&#8221;Business travel icon&#8221; image_icon_width=&#8221;50%&#8221; image_icon_width_phone=&#8221;40%&#8221; image_icon_width_last_edited=&#8221;off|phone&#8221; _builder_version=&#8221;4.27.0&#8243; _module_preset=&#8221;default&#8221; header_text_align=&#8221;center&#8221; header_font_size=&#8221;22px&#8221; text_orientation=&#8221;center&#8221; custom_padding=&#8221;30px|10px|30px|10px|true|true&#8221; border_radii=&#8221;on|10px|10px|10px|10px&#8221; border_width_all=&#8221;1px&#8221; border_color_all=&#8221;rgba(118,118,118,0.3)&#8221; global_colors_info=&#8221;{}&#8221;]Gestion compl\u00e8te des d\u00e9placements professionnels, optimisation des co\u00fbts et assistance continue.<br \/>\n<span><a href=\"https:\/\/delta-voyages.ch\/services-de-gestion-de-voyages-daffaires-a-geneve\/#voyages-affaires\" class=\"pa-blurb-button\">EN SAVOIR +<\/a><\/span>[\/et_pb_blurb][\/et_pb_column][et_pb_column type=&#8221;1_3&#8243; _builder_version=&#8221;4.25.2&#8243; _module_preset=&#8221;default&#8221; global_colors_info=&#8221;{}&#8221;][et_pb_blurb title=&#8221;Humanitarian Travel&#8221; image=&#8221;https:\/\/delta-voyages.ch\/wp-content\/uploads\/2024\/08\/icon-humanitarian-travel.png&#8221; alt=&#8221;Humanitarian travel icon&#8221; image_icon_width=&#8221;50%&#8221; disabled_on=&#8221;on|on|off&#8221; _builder_version=&#8221;4.27.0&#8243; _module_preset=&#8221;default&#8221; header_text_align=&#8221;center&#8221; header_font_size=&#8221;22px&#8221; text_orientation=&#8221;center&#8221; custom_padding=&#8221;30px|10px|30px|10px|true|true&#8221; border_radii=&#8221;on|10px|10px|10px|10px&#8221; border_width_all=&#8221;1px&#8221; border_color_all=&#8221;rgba(118,118,118,0.3)&#8221; global_colors_info=&#8221;{}&#8221;]<\/p>\n<p>Expertise sp\u00e9cialis\u00e9e en missions humanitaires, offrant des solutions sur mesure pour les ONG.<br \/><span><a href=\"https:\/\/delta-voyages.ch\/services-de-gestion-de-voyages-daffaires-a-geneve\/#voyages-humanitaires\" class=\"pa-blurb-button\">EN SAVOIR +<\/a><\/span><\/p>\n<p>[\/et_pb_blurb][et_pb_blurb title=&#8221;Humanitarian Travel&#8221; image=&#8221;https:\/\/delta-voyages.ch\/wp-content\/uploads\/2024\/08\/icon-humanitarian-travel.png&#8221; alt=&#8221;Humanitarian travel icon&#8221; image_icon_width=&#8221;50%&#8221; disabled_on=&#8221;off|off|on&#8221; _builder_version=&#8221;4.27.0&#8243; _module_preset=&#8221;default&#8221; header_text_align=&#8221;center&#8221; header_font_size=&#8221;22px&#8221; text_orientation=&#8221;center&#8221; custom_padding=&#8221;30px|10px|30px|10px|true|true&#8221; border_radii=&#8221;on|10px|10px|10px|10px&#8221; border_width_all=&#8221;1px&#8221; border_color_all=&#8221;rgba(118,118,118,0.3)&#8221; global_colors_info=&#8221;{}&#8221;]<\/p>\n<p>Expertise sp\u00e9cialis\u00e9e en missions humanitaires, offrant des solutions sur mesure pour les ONG.<br \/><span><a href=\"https:\/\/delta-voyages.ch\/services-de-gestion-de-voyages-daffaires-a-geneve\/#voyages-ong\" class=\"pa-blurb-button\">EN SAVOIR +<\/a><\/span><\/p>\n<p>[\/et_pb_blurb][\/et_pb_column][et_pb_column type=&#8221;1_3&#8243; _builder_version=&#8221;4.25.2&#8243; _module_preset=&#8221;default&#8221; global_colors_info=&#8221;{}&#8221;][et_pb_blurb title=&#8221;Services +&#8221; image=&#8221;https:\/\/delta-voyages.ch\/wp-content\/uploads\/2024\/08\/icon-additional-services.png&#8221; alt=&#8221;Icon for additional travel services&#8221; image_icon_width=&#8221;50%&#8221; _builder_version=&#8221;4.27.0&#8243; _module_preset=&#8221;default&#8221; header_text_align=&#8221;center&#8221; header_font_size=&#8221;22px&#8221; text_orientation=&#8221;center&#8221; custom_padding=&#8221;30px|10px|30px|10px|true|true&#8221; custom_css_free_form=&#8221;\/*style the Divi Blurb link as a button*\/||||a.pa-blurb-button {||  font-size: 0.9em;||\tcolor: #ffffff;||\tbackground: #005187||;||\tpadding: .5em 1.1em;||\tmargin-top: 20px;||\tborder-radius: 3px;||\ttext-transform: capitalize;||\tdisplay: inline-block;||\ttransition: all 0.3s ease-in-out;||}||||||\/*style the Divi Blurb link text as a button on hover*\/||||a.pa-blurb-button:hover {||\tbackground: #00a1d4;||\tcolor: #ffffff;||}&#8221; border_radii=&#8221;on|10px|10px|10px|10px&#8221; border_width_all=&#8221;1px&#8221; border_color_all=&#8221;rgba(118,118,118,0.3)&#8221; global_colors_info=&#8221;{}&#8221;]Assurances, visas, r\u00e9servations d\u2019h\u00f4tels et locations de v\u00e9hicules pour accompagner chaque voyage.<br \/>\n<span><a href=\"https:\/\/delta-voyages.ch\/services-de-gestion-de-voyages-daffaires-a-geneve\/#services-plus\" class=\"pa-blurb-button\">EN SAVOIR +<\/a><\/span>[\/et_pb_blurb][\/et_pb_column][\/et_pb_row][\/et_pb_section][et_pb_section fb_built=&#8221;1&#8243; admin_label=&#8221;Just a Section Section&#8221; _builder_version=&#8221;4.27.0&#8243; background_color=&#8221;#00A1D4&#8243; background_enable_image=&#8221;off&#8221; custom_padding=&#8221;30px||30px||true|false&#8221; global_colors_info=&#8221;{}&#8221;][et_pb_row _builder_version=&#8221;4.16&#8243; width_tablet=&#8221;&#8221; width_phone=&#8221;90%&#8221; width_last_edited=&#8221;on|phone&#8221; global_colors_info=&#8221;{}&#8221;][et_pb_column type=&#8221;4_4&#8243; _builder_version=&#8221;4.16&#8243; global_colors_info=&#8221;{}&#8221;][et_pb_text _builder_version=&#8221;4.27.0&#8243; header_font=&#8221;|700|||||||&#8221; header_text_color=&#8221;#ffffff&#8221; header_font_size=&#8221;55px&#8221; header_4_text_color=&#8221;#FFFFFF&#8221; header_4_font_size=&#8221;41px&#8221; header_5_text_color=&#8221;#FFFFFF&#8221; header_5_font_size=&#8221;35px&#8221; header_5_line_height=&#8221;1.4em&#8221; custom_margin=&#8221;||6px|||&#8221; header_5_font_size_tablet=&#8221;35px&#8221; header_5_font_size_phone=&#8221;35px&#8221; header_5_font_size_last_edited=&#8221;on|desktop&#8221; global_colors_info=&#8221;{}&#8221;]<\/p>\n<h5 class=\"title\" style=\"text-align: center;\">Let Us Guide You in Planning Your Next Trip<\/h5>\n<p>[\/et_pb_text][et_pb_text _builder_version=&#8221;4.27.0&#8243; text_font=&#8221;||||||||&#8221; text_text_color=&#8221;rgba(255,255,255,0.76)&#8221; text_font_size=&#8221;22px&#8221; width=&#8221;60%&#8221; width_tablet=&#8221;100%&#8221; width_phone=&#8221;100%&#8221; width_last_edited=&#8221;on|tablet&#8221; module_alignment=&#8221;center&#8221; global_colors_info=&#8221;{}&#8221;]<\/p>\n<p style=\"text-align: center;\">Contact us for a personalized consultation.<\/p>\n<p>[\/et_pb_text][et_pb_button button_url=&#8221;@ET-DC@eyJkeW5hbWljIjp0cnVlLCJjb250ZW50IjoicG9zdF9saW5rX3VybF9wYWdlIiwic2V0dGluZ3MiOnsicG9zdF9pZCI6IjIyNTM0MSJ9fQ==@&#8221; button_text=&#8221;Request a Consultation&#8221; button_alignment=&#8221;center&#8221; _builder_version=&#8221;4.27.0&#8243; _dynamic_attributes=&#8221;button_url&#8221; custom_button=&#8221;on&#8221; button_text_size=&#8221;16px&#8221; button_text_color=&#8221;#FFFFFF&#8221; button_bg_color=&#8221;#005187&#8243; button_border_width=&#8221;0px&#8221; button_font=&#8221;|||on|||||&#8221; button_use_icon=&#8221;off&#8221; custom_padding=&#8221;10px|40px|10px|40px|true|true&#8221; animation_direction=&#8221;bottom&#8221; scroll_vertical_motion=&#8221;0|65|65|100|2|0|-1&#8243; scroll_scaling_enable=&#8221;on&#8221; scroll_scaling=&#8221;0|90|90|100|100%|100|50%&#8221; scroll_blur_enable=&#8221;on&#8221; scroll_blur=&#8221;0|90|90|100|0px|0px|10px&#8221; box_shadow_style=&#8221;preset1&#8243; box_shadow_vertical=&#8221;9px&#8221; box_shadow_blur=&#8221;38px&#8221; box_shadow_color=&#8221;rgba(0,0,0,0.28)&#8221; global_colors_info=&#8221;{}&#8221; button_text_color__hover_enabled=&#8221;off|desktop&#8221; button_text_color__hover=&#8221;#5b5f97&#8243; button_bg_color__hover_enabled=&#8221;on|hover&#8221; button_bg_color__hover=&#8221;#00A1D4&#8243; button_bg_enable_color__hover=&#8221;on&#8221; button_letter_spacing__hover_enabled=&#8221;off|hover&#8221;][\/et_pb_button][\/et_pb_column][\/et_pb_row][\/et_pb_section]<\/p>\n","protected":false},"excerpt":{"rendered":"<p>business travel faqFrequently Asked Questionsabout Our Business Travel Services Check out our FAQ for quick answers to the most frequently asked questions about our business travel services. Here, you&#8217;ll find essential information to optimize your professional trips and better understand how we can assist you with your travels.Using a travel agency for your business trips [&hellip;]<\/p>\n","protected":false},"author":1,"featured_media":0,"parent":0,"menu_order":0,"comment_status":"closed","ping_status":"closed","template":"","meta":{"_et_pb_use_builder":"on","_et_pb_old_content":"","_et_gb_content_width":"","footnotes":""},"class_list":["post-1089745","page","type-page","status-publish","hentry"],"_links":{"self":[{"href":"https:\/\/delta-voyages.ch\/en\/wp-json\/wp\/v2\/pages\/1089745","targetHints":{"allow":["GET"]}}],"collection":[{"href":"https:\/\/delta-voyages.ch\/en\/wp-json\/wp\/v2\/pages"}],"about":[{"href":"https:\/\/delta-voyages.ch\/en\/wp-json\/wp\/v2\/types\/page"}],"author":[{"embeddable":true,"href":"https:\/\/delta-voyages.ch\/en\/wp-json\/wp\/v2\/users\/1"}],"replies":[{"embeddable":true,"href":"https:\/\/delta-voyages.ch\/en\/wp-json\/wp\/v2\/comments?post=1089745"}],"version-history":[{"count":0,"href":"https:\/\/delta-voyages.ch\/en\/wp-json\/wp\/v2\/pages\/1089745\/revisions"}],"wp:attachment":[{"href":"https:\/\/delta-voyages.ch\/en\/wp-json\/wp\/v2\/media?parent=1089745"}],"curies":[{"name":"wp","href":"https:\/\/api.w.org\/{rel}","templated":true}]}}